{"id":52,"date":"2026-05-06T12:00:14","date_gmt":"2026-05-06T12:00:14","guid":{"rendered":"https:\/\/aubergepedagogique.fr\/?page_id=52"},"modified":"2026-05-06T12:08:12","modified_gmt":"2026-05-06T12:08:12","slug":"inscription","status":"publish","type":"page","link":"https:\/\/aubergepedagogique.fr\/index.php\/inscription\/","title":{"rendered":"Inscription"},"content":{"rendered":"\n<h2 class=\"wp-block-heading\">Pr\u00eat pour l&rsquo;aventure ? Inscrivez-vous !<\/h2>\n\n\n\n<p>L&rsquo;Auberge P\u00e9dagogique revient pour une \u00e9dition parisienne exceptionnelle. C\u2019est le moment de r\u00e9server votre place pour deux jours d&rsquo;\u00e9changes, de partages et d&rsquo;innovation.<\/p>\n\n\n\n<h3 class=\"wp-block-heading\">Pourquoi s&rsquo;inscrire ?<\/h3>\n\n\n\n<p>L&rsquo;\u00e9v\u00e9nement est <strong>enti\u00e8rement gratuit<\/strong>. Notre philosophie repose sur le partage libre de connaissances et d&rsquo;exp\u00e9riences entre passionn\u00e9s de l&rsquo;\u00e9ducation. Que vous soyez enseignant, chercheur, \u00e9tudiant ou simple curieux, vous \u00eates le bienvenu !<\/p>\n\n\n\n<h3 class=\"wp-block-heading\">Un programme \u00e0 la carte<\/h3>\n\n\n\n<p>Nous savons que votre temps est pr\u00e9cieux. C&rsquo;est pourquoi nous avons con\u00e7u un format flexible qui s&rsquo;adapte \u00e0 vos disponibilit\u00e9s. Vous pouvez choisir de nous rejoindre :<\/p>\n\n\n\n<ul class=\"wp-block-list\">\n<li><strong>Le samedi uniquement<\/strong> : Pour plonger au c\u0153ur des ateliers collaboratifs et des d\u00e9couvertes pratiques.<\/li>\n\n\n\n<li><strong>Le dimanche uniquement<\/strong> : Pour explorer les partages, les d\u00e9couvertes mais aussi les \u00e9checs rencontr\u00e9s.<\/li>\n\n\n\n<li><strong>Tout le week-end<\/strong> : Pour vivre l&rsquo;exp\u00e9rience compl\u00e8te, de l&rsquo;ouverture \u00e0 la cl\u00f4ture, et ne rien manquer des moments de convivialit\u00e9.<\/li>\n<\/ul>\n\n\n\n<h3 class=\"wp-block-heading\">\ud83d\udccd Infos pratiques<\/h3>\n\n\n\n<ul class=\"wp-block-list\">\n<li><strong>Dates :<\/strong> 23 et 24 mai 2026.<\/li>\n\n\n\n<li><strong>Lieu :<\/strong> Paris &#8211; 9 rue Humblot dans le 15e arrondissement<\/li>\n\n\n\n<li><strong>Tarif :<\/strong> 0 \u20ac (Gratuit).<\/li>\n<\/ul>\n\n\n\n<hr class=\"wp-block-separator has-alpha-channel-opacity\"\/>\n\n\n\n<p>\ud83d\udc49 <a href=\"https:\/\/forms.gle\/VzRNpDUCyYLaFAqL6\">Cliquez ici pour acc\u00e9der au formulaire d&rsquo;inscription<\/a><\/p>\n\n\n\n<p><\/p>\n","protected":false},"excerpt":{"rendered":"<p>Pr\u00eat pour l&rsquo;aventure ? Inscrivez-vous ! L&rsquo;Auberge P\u00e9dagogique revient pour une \u00e9dition parisienne exceptionnelle. C\u2019est le moment de r\u00e9server votre place pour deux jours d&rsquo;\u00e9changes, de partages et d&rsquo;innovation. Pourquoi s&rsquo;inscrire ? L&rsquo;\u00e9v\u00e9nement est enti\u00e8rement gratuit. Notre philosophie repose sur le partage libre de connaissances et d&rsquo;exp\u00e9riences entre passionn\u00e9s de l&rsquo;\u00e9ducation. Que vous soyez enseignant, [&hellip;]<\/p>\n","protected":false},"author":1,"featured_media":0,"parent":0,"menu_order":0,"comment_status":"closed","ping_status":"closed","template":"","meta":{"footnotes":""},"class_list":["post-52","page","type-page","status-publish","hentry"],"_links":{"self":[{"href":"https:\/\/aubergepedagogique.fr\/index.php\/wp-json\/wp\/v2\/pages\/52","targetHints":{"allow":["GET"]}}],"collection":[{"href":"https:\/\/aubergepedagogique.fr\/index.php\/wp-json\/wp\/v2\/pages"}],"about":[{"href":"https:\/\/aubergepedagogique.fr\/index.php\/wp-json\/wp\/v2\/types\/page"}],"author":[{"embeddable":true,"href":"https:\/\/aubergepedagogique.fr\/index.php\/wp-json\/wp\/v2\/users\/1"}],"replies":[{"embeddable":true,"href":"https:\/\/aubergepedagogique.fr\/index.php\/wp-json\/wp\/v2\/comments?post=52"}],"version-history":[{"count":5,"href":"https:\/\/aubergepedagogique.fr\/index.php\/wp-json\/wp\/v2\/pages\/52\/revisions"}],"predecessor-version":[{"id":57,"href":"https:\/\/aubergepedagogique.fr\/index.php\/wp-json\/wp\/v2\/pages\/52\/revisions\/57"}],"wp:attachment":[{"href":"https:\/\/aubergepedagogique.fr\/index.php\/wp-json\/wp\/v2\/media?parent=52"}],"curies":[{"name":"wp","href":"https:\/\/api.w.org\/{rel}","templated":true}]}}