{"id":44,"date":"2026-04-03T08:52:40","date_gmt":"2026-04-03T08:52:40","guid":{"rendered":"https:\/\/aubergepedagogique.fr\/?page_id=44"},"modified":"2026-04-03T08:53:59","modified_gmt":"2026-04-03T08:53:59","slug":"on-parle-de-nous","status":"publish","type":"page","link":"https:\/\/aubergepedagogique.fr\/index.php\/on-parle-de-nous\/","title":{"rendered":"On parle de nous"},"content":{"rendered":"\n<h3 class=\"wp-block-heading\">La Presse sp\u00e9cialis\u00e9e<\/h3>\n\n\n\n<ul class=\"wp-block-list\">\n<li><strong>Le Caf\u00e9 P\u00e9dagogique :<\/strong> Un m\u00e9dia ind\u00e9pendant qui suit de pr\u00e8s nos \u00ab\u00a0trois jours savoureux\u00a0\u00bb. Retrouvez leurs articles mixant \u00e9crit et interviews audio sur l&rsquo;ambiance unique de nos rencontres.\n<ul class=\"wp-block-list\">\n<li><a href=\"https:\/\/www.cafepedagogique.net\/2024\/05\/21\/lauberge-espagnole-pedagogique-trois-jours-savoureux\/\" target=\"_blank\" rel=\"noreferrer noopener\">Lire l&rsquo;article sur la 1\u00e8re \u00e9dition<\/a><\/li>\n\n\n\n<li><a href=\"https:\/\/www.cafepedagogique.net\/2025\/04\/10\/lauberge-espagnole-pedagogique-ca-commence-le-7-juin\/\" target=\"_blank\" rel=\"noreferrer noopener\">Annonce de l&rsquo;\u00e9dition parisienne<\/a><\/li>\n<\/ul>\n<\/li>\n<\/ul>\n\n\n\n<p><\/p>\n\n\n\n<ul class=\"wp-block-list\">\n<li><strong>Ludomag :<\/strong> Partenaire historique des \u00e9v\u00e9nements Ludovia, Ludomag relaie les innovations pr\u00e9sent\u00e9es par notre collectif, notamment nos ateliers sur l&rsquo;IA et les outils collaboratifs.\n<ul class=\"wp-block-list\">\n<li><a href=\"https:\/\/www.ludomag.com\/2024\/04\/24\/lauberge-espagnole-pedagogique-comment-mettre-en-activites-les-eleves\/\">Annonce de la premi\u00e8re \u00e9dition<\/a><\/li>\n\n\n\n<li><a href=\"https:\/\/www.ludomag.com\/2025\/03\/07\/lauberge-espagnole-pedagogique-de-la-preparation-a-levaluation\/\">Annonce de la deuxi\u00e8me \u00e9dition<\/a><\/li>\n<\/ul>\n<\/li>\n<\/ul>\n\n\n\n<h3 class=\"wp-block-heading\">Les Ondes P\u00e9dagogiques (Podcasts)<\/h3>\n\n\n\n<ul class=\"wp-block-list\">\n<li><strong>Sente (masente.fr) :<\/strong> S\u00e9bastien Manodritta et son \u00e9quipe ont consacr\u00e9 un \u00e9pisode sp\u00e9cial \u00ab\u00a0XXL\u00a0\u00bb \u00e0 l&rsquo;Auberge espagnole p\u00e9dagogique. Une plong\u00e9e sonore pour comprendre pourquoi cette initiative fait bouger les lignes.\n<ul class=\"wp-block-list\">\n<li><a href=\"https:\/\/masente.fr\/?p=338\">Lien vers l&rsquo;\u00e9pisode<\/a><\/li>\n<\/ul>\n<\/li>\n<\/ul>\n\n\n\n<h3 class=\"wp-block-heading\">Pr\u00e9sences \u00c9v\u00e9nementielles<\/h3>\n\n\n\n<ul class=\"wp-block-list\">\n<li><strong>Ludovia#22 :<\/strong> Notre collectif anime chaque \u00e9t\u00e9 des sessions de partage \u00e0 Ax-les-Thermes. Lors du  <strong>PechaKucha<\/strong> de l&rsquo;\u00e9dition 2025, o\u00f9 l&rsquo;innovation se raconte en 6 minutes 40 chrono, la pr\u00e9sentation du collectif a remport\u00e9 le prix du jury\n<ul class=\"wp-block-list\">\n<li><a href=\"https:\/\/www.youtube.com\/live\/WkQCFHO1i5Y?si=dk_ea_WOwnqmPkib&amp;t=1886\" target=\"_blank\" rel=\"noreferrer noopener\">La c\u00e9r\u00e9monie de la remise<\/a><\/li>\n<\/ul>\n<\/li>\n<\/ul>\n\n\n\n<p><\/p>\n","protected":false},"excerpt":{"rendered":"<p>La Presse sp\u00e9cialis\u00e9e Les Ondes P\u00e9dagogiques (Podcasts) Pr\u00e9sences \u00c9v\u00e9nementielles<\/p>\n","protected":false},"author":1,"featured_media":0,"parent":0,"menu_order":0,"comment_status":"closed","ping_status":"closed","template":"","meta":{"footnotes":""},"class_list":["post-44","page","type-page","status-publish","hentry"],"_links":{"self":[{"href":"https:\/\/aubergepedagogique.fr\/index.php\/wp-json\/wp\/v2\/pages\/44","targetHints":{"allow":["GET"]}}],"collection":[{"href":"https:\/\/aubergepedagogique.fr\/index.php\/wp-json\/wp\/v2\/pages"}],"about":[{"href":"https:\/\/aubergepedagogique.fr\/index.php\/wp-json\/wp\/v2\/types\/page"}],"author":[{"embeddable":true,"href":"https:\/\/aubergepedagogique.fr\/index.php\/wp-json\/wp\/v2\/users\/1"}],"replies":[{"embeddable":true,"href":"https:\/\/aubergepedagogique.fr\/index.php\/wp-json\/wp\/v2\/comments?post=44"}],"version-history":[{"count":4,"href":"https:\/\/aubergepedagogique.fr\/index.php\/wp-json\/wp\/v2\/pages\/44\/revisions"}],"predecessor-version":[{"id":48,"href":"https:\/\/aubergepedagogique.fr\/index.php\/wp-json\/wp\/v2\/pages\/44\/revisions\/48"}],"wp:attachment":[{"href":"https:\/\/aubergepedagogique.fr\/index.php\/wp-json\/wp\/v2\/media?parent=44"}],"curies":[{"name":"wp","href":"https:\/\/api.w.org\/{rel}","templated":true}]}}