{"id":3,"date":"2026-04-01T13:43:39","date_gmt":"2026-04-01T13:43:39","guid":{"rendered":"http:\/\/aubergepedagogique.fr\/?page_id=3"},"modified":"2026-04-03T08:37:20","modified_gmt":"2026-04-03T08:37:20","slug":"privacy-policy","status":"publish","type":"page","link":"https:\/\/aubergepedagogique.fr\/index.php\/privacy-policy\/","title":{"rendered":"Qui sommes-nous ?"},"content":{"rendered":"\n<h2 class=\"wp-block-heading\">Une aventure n\u00e9e d&rsquo;une envie de partage<\/h2>\n\n\n\n<p><strong>L\u2019histoire de l\u2019Auberge<\/strong><\/p>\n\n\n\n<p>L&rsquo;Auberge P\u00e9dagogique, c&rsquo;est avant tout une histoire de copains. L&rsquo;id\u00e9e est n\u00e9e d&rsquo;un d\u00e9sir simple partag\u00e9 : recr\u00e9er de la convivialit\u00e9 dans le monde de la formation. Fatigu\u00e9s des formats th\u00e9oriques et lointains, nous avons imagin\u00e9 un espace o\u00f9 l&rsquo;on pourrait \u00e9changer, partager et faire la f\u00eate tout en parlant p\u00e9dagogie.<\/p>\n\n\n\n<p><strong>Notre philosophie : L&rsquo;intelligence collective<\/strong><\/p>\n\n\n\n<p>\u00c0 l&rsquo;image d&rsquo;une auberge espagnole, notre fonctionnement repose sur la contribution de chacun. Il n&rsquo;y a pas de programme rigide impos\u00e9 d&rsquo;avance : ce sont les participants qui dressent le menu des \u00e9changes en fonction de leurs talents et de leurs attentes. Nous croyons que chaque praticien poss\u00e8de des \u00ab ingr\u00e9dients \u00bb pr\u00e9cieux \u2014 une s\u00e9quence r\u00e9ussie, un outil num\u00e9rique efficace ou une r\u00e9flexion sur l&rsquo;\u00e9valuation \u2014 qui, mis en commun, permettent de nourrir la pratique de tous.<\/p>\n\n\n\n<p><strong>Nos partenaires et lieux d&rsquo;accueil<\/strong><\/p>\n\n\n\n<p id=\"p-c_6949ca5fddcb7b1e_auberge_pedagogique_v3_full_content-555\">Lors de la premi\u00e8re \u00e9dition, nous avons eu le plaisir d&rsquo;\u00eatre accueillis par la mairie de Poitiers.<\/p>\n\n\n\n<p id=\"p-c_6949ca5fddcb7b1e_auberge_pedagogique_v3_full_content-555\">Pour notre premi\u00e8re \u00e9dition parisienne, nous avons eu le privil\u00e8ge d&rsquo;\u00eatre accueillis par les <strong>CEMEA<\/strong> (rue Seguin), un partenaire embl\u00e9matique de l&rsquo;\u00e9ducation populaire qui partage nos valeurs d&rsquo;\u00e9mancipation et de co-construction. <\/p>\n\n\n\n<p id=\"p-c_6949ca5fddcb7b1e_auberge_pedagogique_v3_full_content-555\">Nous collaborons \u00e9galement avec des acteurs de la veille p\u00e9dagogique comme Ludomag, le Caf\u00e9 P\u00e9dagogique et le podcast masente.fr pour faire rayonner nos \u00e9changes.<\/p>\n\n\n\n<p><strong>Venez comme vous \u00eates, repartez avec plus!<\/strong><\/p>\n\n\n\n<p><\/p>\n","protected":false},"excerpt":{"rendered":"<p>Une aventure n\u00e9e d&rsquo;une envie de partage L\u2019histoire de l\u2019Auberge L&rsquo;Auberge P\u00e9dagogique, c&rsquo;est avant tout une histoire de copains. L&rsquo;id\u00e9e est n\u00e9e d&rsquo;un d\u00e9sir simple partag\u00e9 : recr\u00e9er de la convivialit\u00e9 dans le monde de la formation. Fatigu\u00e9s des formats th\u00e9oriques et lointains, nous avons imagin\u00e9 un espace o\u00f9 l&rsquo;on pourrait \u00e9changer, partager et faire [&hellip;]<\/p>\n","protected":false},"author":1,"featured_media":0,"parent":0,"menu_order":0,"comment_status":"closed","ping_status":"open","template":"","meta":{"footnotes":""},"class_list":["post-3","page","type-page","status-publish","hentry"],"_links":{"self":[{"href":"https:\/\/aubergepedagogique.fr\/index.php\/wp-json\/wp\/v2\/pages\/3","targetHints":{"allow":["GET"]}}],"collection":[{"href":"https:\/\/aubergepedagogique.fr\/index.php\/wp-json\/wp\/v2\/pages"}],"about":[{"href":"https:\/\/aubergepedagogique.fr\/index.php\/wp-json\/wp\/v2\/types\/page"}],"author":[{"embeddable":true,"href":"https:\/\/aubergepedagogique.fr\/index.php\/wp-json\/wp\/v2\/users\/1"}],"replies":[{"embeddable":true,"href":"https:\/\/aubergepedagogique.fr\/index.php\/wp-json\/wp\/v2\/comments?post=3"}],"version-history":[{"count":3,"href":"https:\/\/aubergepedagogique.fr\/index.php\/wp-json\/wp\/v2\/pages\/3\/revisions"}],"predecessor-version":[{"id":40,"href":"https:\/\/aubergepedagogique.fr\/index.php\/wp-json\/wp\/v2\/pages\/3\/revisions\/40"}],"wp:attachment":[{"href":"https:\/\/aubergepedagogique.fr\/index.php\/wp-json\/wp\/v2\/media?parent=3"}],"curies":[{"name":"wp","href":"https:\/\/api.w.org\/{rel}","templated":true}]}}